{"id":80,"date":"2014-05-08T15:58:47","date_gmt":"2014-05-08T15:58:47","guid":{"rendered":"http:\/\/belangenverenigingdevelden.ophetweb.nu\/?page_id=80"},"modified":"2015-01-26T09:28:26","modified_gmt":"2015-01-26T09:28:26","slug":"info","status":"publish","type":"page","link":"https:\/\/belangenverenigingdevelden.nl\/?page_id=80","title":{"rendered":"info"},"content":{"rendered":"<p><strong>Een tweeilingd\u00f6rp in de kop van Drenthe : De Velden.<\/strong> \u00a0 Zuudv\u00e8elde en Westerv\u00e8elde worden saomen vaok De Velden neuimd. Ze hebben inderdaod veul saomen : de schooul, de iesvereeiniging, de vrouwenvereeiniging, de kaortclub, de teneeilvereeiniging en de belangenvereeiniging. Het is dan ok de belangenvereeiniging \u201cDe Velden \u201c, die as logo een paraplu met tweei d\u00f6rpen der onder hef. Zuud &#8211; en Westerv\u00e8elde waren boetend\u00f6rpies van N\u00f6rg in de aole gemeeinte N\u00f6rg. Noou maoken ze deeil oet van de gemeeinte Noordenveld. De d\u00f6rpies liggen op een ondergrond van zaand. In de vroouge Middeleeuwen waren het plaotsies, die oet een paor boerderijen met wat hoesakkers bestunden. Van de twaalfde tot zeuventiende eeuw bennen die vlekkies oetgreuid tot esd\u00f6rpen. De Velden liggen een \u00e8endtie van een stroompie aof, op de gr\u00e8ens tussen hoge en lege grond. De lege stukken aan \u2019t stroompie w\u00f6rden as heu &#8211; en weilanden gebruukt. Noou is \u2019t meeinst natuurontwikkeling. De hogere gronden bij de d\u00f6rpies w\u00f6rden essen, die as bouwlaand in gebruuk waren. Der waren heuil veul akkeries, die noou allemaol verkaoveld bennen.Om de essen haj wallen. Achter de essen lagen de heidevelden, \u2019t veld, wat bossen en de strubben veur geriefholt. Veul heide w\u00f6r ontgonnen, waordeur De Fledders is ontstaon. De d\u00f6rpies z\u00f6lf bestunden oet een stuk of wat kronkelnde weggies, waor de boerderijen \/ boerderijgies aan lagen, vaok met \u2019t gat naor de weg toou. In Zuud &#8211; en Westerv\u00e8elde hej nog de brinken met ekkelbomen. De brinken, het greuinlaand en de heide waren vroouger mandeeilig bezit, beheerd deur de boermarke. Het grootste deeil is in de tweeide helft van de 19de eeuw verdeeild. Zuudv\u00e8elde hef nog een actieve Boermarke. Van de 12de eeuw aof is de bevolking van Drenthe begund te greuien. Veul esd\u00f6rpen w\u00f6rden groter. Gelukkig is dit in Zuud &#8211; en Westerv\u00e8elde niet gebeurd. Der is nog veul bewaord bleven. Waor het geveuil van mandeeiligheid, maandewark, naoberschap groot was, muggen we hopen, dat, met deur de belangenvereeiniging, de inwoners kaans zeein, dit vast te holden. \u00a0 Harm Soegies.<\/p>\n","protected":false},"excerpt":{"rendered":"<p>Een tweeilingd\u00f6rp in de kop van Drenthe : De Velden. \u00a0 Zuudv\u00e8elde en Westerv\u00e8elde worden saomen vaok De Velden neuimd. Ze hebben inderdaod veul saomen : de schooul, de iesvereeiniging, de vrouwenvereeiniging, de kaortclub, de teneeilvereeiniging en de belangenvereeiniging. Het is dan ok de belangenvereeiniging \u201cDe Velden \u201c, die as \u2026 <a class=\"continue-reading-link\" href=\"https:\/\/belangenverenigingdevelden.nl\/?page_id=80\"> Continue reading<\/a><\/p>\n","protected":false},"author":1,"featured_media":0,"parent":0,"menu_order":0,"comment_status":"open","ping_status":"open","template":"templates\/template-twocolumns-right.php","meta":{"footnotes":""},"class_list":["post-80","page","type-page","status-publish","hentry"],"_links":{"self":[{"href":"https:\/\/belangenverenigingdevelden.nl\/index.php?rest_route=\/wp\/v2\/pages\/80","targetHints":{"allow":["GET"]}}],"collection":[{"href":"https:\/\/belangenverenigingdevelden.nl\/index.php?rest_route=\/wp\/v2\/pages"}],"about":[{"href":"https:\/\/belangenverenigingdevelden.nl\/index.php?rest_route=\/wp\/v2\/types\/page"}],"author":[{"embeddable":true,"href":"https:\/\/belangenverenigingdevelden.nl\/index.php?rest_route=\/wp\/v2\/users\/1"}],"replies":[{"embeddable":true,"href":"https:\/\/belangenverenigingdevelden.nl\/index.php?rest_route=%2Fwp%2Fv2%2Fcomments&post=80"}],"version-history":[{"count":2,"href":"https:\/\/belangenverenigingdevelden.nl\/index.php?rest_route=\/wp\/v2\/pages\/80\/revisions"}],"predecessor-version":[{"id":111,"href":"https:\/\/belangenverenigingdevelden.nl\/index.php?rest_route=\/wp\/v2\/pages\/80\/revisions\/111"}],"wp:attachment":[{"href":"https:\/\/belangenverenigingdevelden.nl\/index.php?rest_route=%2Fwp%2Fv2%2Fmedia&parent=80"}],"curies":[{"name":"wp","href":"https:\/\/api.w.org\/{rel}","templated":true}]}}